{"id":1072,"date":"2026-05-14T15:06:42","date_gmt":"2026-05-14T15:06:42","guid":{"rendered":"https:\/\/streetchoiceshop.shop\/?post_type=product&#038;p=1072"},"modified":"2026-05-14T15:09:36","modified_gmt":"2026-05-14T15:09:36","slug":"maison-al-hambra-kismet-magic-edp-100ml","status":"publish","type":"product","link":"https:\/\/streetchoiceshop.shop\/de\/produkt\/maison-al-hambra-kismet-magic-edp-100ml\/","title":{"rendered":"Maison Al Hambra Kismet Magic Edp 100ml"},"content":{"rendered":"<div data-elementor-type=\"product-post\" data-elementor-id=\"1072\" class=\"elementor elementor-1072\" data-elementor-post-type=\"product\">\n\t\t\t\t<div class=\"elementor-element elementor-element-1ed764a9 e-flex e-con-boxed e-con e-parent\" data-id=\"1ed764a9\" data-element_type=\"container\" data-e-type=\"container\" data-settings=\"{&quot;ekit_has_onepagescroll_dot&quot;:&quot;yes&quot;}\">\n\t\t\t\t\t<div class=\"e-con-inner\">\n\t\t\t\t<div class=\"elementor-element elementor-element-7b8825e9 elementor-widget elementor-widget-image\" data-id=\"7b8825e9\" data-element_type=\"widget\" data-e-type=\"widget\" data-settings=\"{&quot;ekit_we_effect_on&quot;:&quot;none&quot;}\" data-widget_type=\"image.default\">\n\t\t\t\t\t\t\t\t\t\t\t\t\t\t\t<img fetchpriority=\"high\" decoding=\"async\" width=\"1600\" height=\"1600\" src=\"https:\/\/streetchoiceshop.shop\/wp-content\/uploads\/2026\/05\/794837478a7544638192abf604507cb3.jpeg_tplv-a9rns2rl98-image_pre_watermark_1_5b_\u526f\u672c.jpg\" class=\"attachment-full size-full wp-image-1084 wvs-archive-product-image\" alt=\"\" srcset=\"https:\/\/streetchoiceshop.shop\/wp-content\/uploads\/2026\/05\/794837478a7544638192abf604507cb3.jpeg_tplv-a9rns2rl98-image_pre_watermark_1_5b_\u526f\u672c.jpg 1600w, https:\/\/streetchoiceshop.shop\/wp-content\/uploads\/2026\/05\/794837478a7544638192abf604507cb3.jpeg_tplv-a9rns2rl98-image_pre_watermark_1_5b_\u526f\u672c-300x300.jpg 300w, https:\/\/streetchoiceshop.shop\/wp-content\/uploads\/2026\/05\/794837478a7544638192abf604507cb3.jpeg_tplv-a9rns2rl98-image_pre_watermark_1_5b_\u526f\u672c-1024x1024.jpg 1024w, https:\/\/streetchoiceshop.shop\/wp-content\/uploads\/2026\/05\/794837478a7544638192abf604507cb3.jpeg_tplv-a9rns2rl98-image_pre_watermark_1_5b_\u526f\u672c-150x150.jpg 150w, https:\/\/streetchoiceshop.shop\/wp-content\/uploads\/2026\/05\/794837478a7544638192abf604507cb3.jpeg_tplv-a9rns2rl98-image_pre_watermark_1_5b_\u526f\u672c-768x768.jpg 768w, https:\/\/streetchoiceshop.shop\/wp-content\/uploads\/2026\/05\/794837478a7544638192abf604507cb3.jpeg_tplv-a9rns2rl98-image_pre_watermark_1_5b_\u526f\u672c-1536x1536.jpg 1536w, https:\/\/streetchoiceshop.shop\/wp-content\/uploads\/2026\/05\/794837478a7544638192abf604507cb3.jpeg_tplv-a9rns2rl98-image_pre_watermark_1_5b_\u526f\u672c-12x12.jpg 12w, https:\/\/streetchoiceshop.shop\/wp-content\/uploads\/2026\/05\/794837478a7544638192abf604507cb3.jpeg_tplv-a9rns2rl98-image_pre_watermark_1_5b_\u526f\u672c-600x600.jpg 600w, https:\/\/streetchoiceshop.shop\/wp-content\/uploads\/2026\/05\/794837478a7544638192abf604507cb3.jpeg_tplv-a9rns2rl98-image_pre_watermark_1_5b_\u526f\u672c-100x100.jpg 100w, https:\/\/streetchoiceshop.shop\/wp-content\/uploads\/2026\/05\/794837478a7544638192abf604507cb3.jpeg_tplv-a9rns2rl98-image_pre_watermark_1_5b_\u526f\u672c-50x50.jpg 50w\" sizes=\"(max-width: 1600px) 100vw, 1600px\" \/>\t\t\t\t\t\t\t\t\t\t\t\t\t\t\t<\/div>\n\t\t\t\t<div class=\"elementor-element elementor-element-49ae0ed7 elementor-widget elementor-widget-image\" data-id=\"49ae0ed7\" data-element_type=\"widget\" data-e-type=\"widget\" data-settings=\"{&quot;ekit_we_effect_on&quot;:&quot;none&quot;}\" data-widget_type=\"image.default\">\n\t\t\t\t\t\t\t\t\t\t\t\t\t\t\t<img decoding=\"async\" width=\"1600\" height=\"1600\" src=\"https:\/\/streetchoiceshop.shop\/wp-content\/uploads\/2026\/05\/cc83480c28d8413c9b9798eae95a6fc5.jpeg_tplv-a9rns2rl98-image_pre_watermark_1_5b_\u526f\u672c.jpg\" class=\"attachment-full size-full wp-image-1085 wvs-archive-product-image\" alt=\"\" srcset=\"https:\/\/streetchoiceshop.shop\/wp-content\/uploads\/2026\/05\/cc83480c28d8413c9b9798eae95a6fc5.jpeg_tplv-a9rns2rl98-image_pre_watermark_1_5b_\u526f\u672c.jpg 1600w, https:\/\/streetchoiceshop.shop\/wp-content\/uploads\/2026\/05\/cc83480c28d8413c9b9798eae95a6fc5.jpeg_tplv-a9rns2rl98-image_pre_watermark_1_5b_\u526f\u672c-300x300.jpg 300w, https:\/\/streetchoiceshop.shop\/wp-content\/uploads\/2026\/05\/cc83480c28d8413c9b9798eae95a6fc5.jpeg_tplv-a9rns2rl98-image_pre_watermark_1_5b_\u526f\u672c-1024x1024.jpg 1024w, https:\/\/streetchoiceshop.shop\/wp-content\/uploads\/2026\/05\/cc83480c28d8413c9b9798eae95a6fc5.jpeg_tplv-a9rns2rl98-image_pre_watermark_1_5b_\u526f\u672c-150x150.jpg 150w, https:\/\/streetchoiceshop.shop\/wp-content\/uploads\/2026\/05\/cc83480c28d8413c9b9798eae95a6fc5.jpeg_tplv-a9rns2rl98-image_pre_watermark_1_5b_\u526f\u672c-768x768.jpg 768w, https:\/\/streetchoiceshop.shop\/wp-content\/uploads\/2026\/05\/cc83480c28d8413c9b9798eae95a6fc5.jpeg_tplv-a9rns2rl98-image_pre_watermark_1_5b_\u526f\u672c-1536x1536.jpg 1536w, https:\/\/streetchoiceshop.shop\/wp-content\/uploads\/2026\/05\/cc83480c28d8413c9b9798eae95a6fc5.jpeg_tplv-a9rns2rl98-image_pre_watermark_1_5b_\u526f\u672c-12x12.jpg 12w, https:\/\/streetchoiceshop.shop\/wp-content\/uploads\/2026\/05\/cc83480c28d8413c9b9798eae95a6fc5.jpeg_tplv-a9rns2rl98-image_pre_watermark_1_5b_\u526f\u672c-600x600.jpg 600w, https:\/\/streetchoiceshop.shop\/wp-content\/uploads\/2026\/05\/cc83480c28d8413c9b9798eae95a6fc5.jpeg_tplv-a9rns2rl98-image_pre_watermark_1_5b_\u526f\u672c-100x100.jpg 100w, https:\/\/streetchoiceshop.shop\/wp-content\/uploads\/2026\/05\/cc83480c28d8413c9b9798eae95a6fc5.jpeg_tplv-a9rns2rl98-image_pre_watermark_1_5b_\u526f\u672c-50x50.jpg 50w\" sizes=\"(max-width: 1600px) 100vw, 1600px\" \/>\t\t\t\t\t\t\t\t\t\t\t\t\t\t\t<\/div>\n\t\t\t\t<div class=\"elementor-element elementor-element-2e1f9b49 elementor-widget elementor-widget-image\" data-id=\"2e1f9b49\" data-element_type=\"widget\" data-e-type=\"widget\" data-settings=\"{&quot;ekit_we_effect_on&quot;:&quot;none&quot;}\" data-widget_type=\"image.default\">\n\t\t\t\t\t\t\t\t\t\t\t\t\t\t\t<img decoding=\"async\" width=\"1600\" height=\"1600\" src=\"https:\/\/streetchoiceshop.shop\/wp-content\/uploads\/2026\/05\/3d655839878842d49a3b1a9fb3b2ffc5.jpeg_tplv-a9rns2rl98-image_pre_watermark_1_5b_\u526f\u672c.jpg\" class=\"attachment-full size-full wp-image-1086 wvs-archive-product-image\" alt=\"\" srcset=\"https:\/\/streetchoiceshop.shop\/wp-content\/uploads\/2026\/05\/3d655839878842d49a3b1a9fb3b2ffc5.jpeg_tplv-a9rns2rl98-image_pre_watermark_1_5b_\u526f\u672c.jpg 1600w, https:\/\/streetchoiceshop.shop\/wp-content\/uploads\/2026\/05\/3d655839878842d49a3b1a9fb3b2ffc5.jpeg_tplv-a9rns2rl98-image_pre_watermark_1_5b_\u526f\u672c-300x300.jpg 300w, https:\/\/streetchoiceshop.shop\/wp-content\/uploads\/2026\/05\/3d655839878842d49a3b1a9fb3b2ffc5.jpeg_tplv-a9rns2rl98-image_pre_watermark_1_5b_\u526f\u672c-1024x1024.jpg 1024w, https:\/\/streetchoiceshop.shop\/wp-content\/uploads\/2026\/05\/3d655839878842d49a3b1a9fb3b2ffc5.jpeg_tplv-a9rns2rl98-image_pre_watermark_1_5b_\u526f\u672c-150x150.jpg 150w, https:\/\/streetchoiceshop.shop\/wp-content\/uploads\/2026\/05\/3d655839878842d49a3b1a9fb3b2ffc5.jpeg_tplv-a9rns2rl98-image_pre_watermark_1_5b_\u526f\u672c-768x768.jpg 768w, https:\/\/streetchoiceshop.shop\/wp-content\/uploads\/2026\/05\/3d655839878842d49a3b1a9fb3b2ffc5.jpeg_tplv-a9rns2rl98-image_pre_watermark_1_5b_\u526f\u672c-1536x1536.jpg 1536w, https:\/\/streetchoiceshop.shop\/wp-content\/uploads\/2026\/05\/3d655839878842d49a3b1a9fb3b2ffc5.jpeg_tplv-a9rns2rl98-image_pre_watermark_1_5b_\u526f\u672c-12x12.jpg 12w, https:\/\/streetchoiceshop.shop\/wp-content\/uploads\/2026\/05\/3d655839878842d49a3b1a9fb3b2ffc5.jpeg_tplv-a9rns2rl98-image_pre_watermark_1_5b_\u526f\u672c-600x600.jpg 600w, https:\/\/streetchoiceshop.shop\/wp-content\/uploads\/2026\/05\/3d655839878842d49a3b1a9fb3b2ffc5.jpeg_tplv-a9rns2rl98-image_pre_watermark_1_5b_\u526f\u672c-100x100.jpg 100w, https:\/\/streetchoiceshop.shop\/wp-content\/uploads\/2026\/05\/3d655839878842d49a3b1a9fb3b2ffc5.jpeg_tplv-a9rns2rl98-image_pre_watermark_1_5b_\u526f\u672c-50x50.jpg 50w\" sizes=\"(max-width: 1600px) 100vw, 1600px\" \/>\t\t\t\t\t\t\t\t\t\t\t\t\t\t\t<\/div>\n\t\t\t\t<div class=\"elementor-element elementor-element-4312b81 elementor-widget elementor-widget-image\" data-id=\"4312b81\" data-element_type=\"widget\" data-e-type=\"widget\" data-settings=\"{&quot;ekit_we_effect_on&quot;:&quot;none&quot;}\" data-widget_type=\"image.default\">\n\t\t\t\t\t\t\t\t\t\t\t\t\t\t\t<img loading=\"lazy\" decoding=\"async\" width=\"1600\" height=\"1600\" src=\"https:\/\/streetchoiceshop.shop\/wp-content\/uploads\/2026\/05\/9e1443970b27411ebaee28c27871c110.jpeg_tplv-a9rns2rl98-image_pre_watermark_1_5b_\u526f\u672c.jpg\" class=\"attachment-full size-full wp-image-1087 wvs-archive-product-image\" alt=\"\" srcset=\"https:\/\/streetchoiceshop.shop\/wp-content\/uploads\/2026\/05\/9e1443970b27411ebaee28c27871c110.jpeg_tplv-a9rns2rl98-image_pre_watermark_1_5b_\u526f\u672c.jpg 1600w, https:\/\/streetchoiceshop.shop\/wp-content\/uploads\/2026\/05\/9e1443970b27411ebaee28c27871c110.jpeg_tplv-a9rns2rl98-image_pre_watermark_1_5b_\u526f\u672c-300x300.jpg 300w, https:\/\/streetchoiceshop.shop\/wp-content\/uploads\/2026\/05\/9e1443970b27411ebaee28c27871c110.jpeg_tplv-a9rns2rl98-image_pre_watermark_1_5b_\u526f\u672c-1024x1024.jpg 1024w, https:\/\/streetchoiceshop.shop\/wp-content\/uploads\/2026\/05\/9e1443970b27411ebaee28c27871c110.jpeg_tplv-a9rns2rl98-image_pre_watermark_1_5b_\u526f\u672c-150x150.jpg 150w, https:\/\/streetchoiceshop.shop\/wp-content\/uploads\/2026\/05\/9e1443970b27411ebaee28c27871c110.jpeg_tplv-a9rns2rl98-image_pre_watermark_1_5b_\u526f\u672c-768x768.jpg 768w, https:\/\/streetchoiceshop.shop\/wp-content\/uploads\/2026\/05\/9e1443970b27411ebaee28c27871c110.jpeg_tplv-a9rns2rl98-image_pre_watermark_1_5b_\u526f\u672c-1536x1536.jpg 1536w, https:\/\/streetchoiceshop.shop\/wp-content\/uploads\/2026\/05\/9e1443970b27411ebaee28c27871c110.jpeg_tplv-a9rns2rl98-image_pre_watermark_1_5b_\u526f\u672c-12x12.jpg 12w, https:\/\/streetchoiceshop.shop\/wp-content\/uploads\/2026\/05\/9e1443970b27411ebaee28c27871c110.jpeg_tplv-a9rns2rl98-image_pre_watermark_1_5b_\u526f\u672c-600x600.jpg 600w, https:\/\/streetchoiceshop.shop\/wp-content\/uploads\/2026\/05\/9e1443970b27411ebaee28c27871c110.jpeg_tplv-a9rns2rl98-image_pre_watermark_1_5b_\u526f\u672c-100x100.jpg 100w, https:\/\/streetchoiceshop.shop\/wp-content\/uploads\/2026\/05\/9e1443970b27411ebaee28c27871c110.jpeg_tplv-a9rns2rl98-image_pre_watermark_1_5b_\u526f\u672c-50x50.jpg 50w\" sizes=\"(max-width: 1600px) 100vw, 1600px\" \/>\t\t\t\t\t\t\t\t\t\t\t\t\t\t\t<\/div>\n\t\t\t\t<div class=\"elementor-element elementor-element-27ce7242 elementor-widget elementor-widget-image\" data-id=\"27ce7242\" data-element_type=\"widget\" data-e-type=\"widget\" data-settings=\"{&quot;ekit_we_effect_on&quot;:&quot;none&quot;}\" data-widget_type=\"image.default\">\n\t\t\t\t\t\t\t\t\t\t\t\t\t\t\t<img loading=\"lazy\" decoding=\"async\" width=\"1280\" height=\"1280\" src=\"https:\/\/streetchoiceshop.shop\/wp-content\/uploads\/2026\/05\/kismetmagic02_1024x1024_2x_34f25e00-9597-4dbb-8afb-1d2254a851f1.webp\" class=\"attachment-full size-full wp-image-1088 wvs-archive-product-image\" alt=\"\" srcset=\"https:\/\/streetchoiceshop.shop\/wp-content\/uploads\/2026\/05\/kismetmagic02_1024x1024_2x_34f25e00-9597-4dbb-8afb-1d2254a851f1.webp 1280w, https:\/\/streetchoiceshop.shop\/wp-content\/uploads\/2026\/05\/kismetmagic02_1024x1024_2x_34f25e00-9597-4dbb-8afb-1d2254a851f1-300x300.webp 300w, https:\/\/streetchoiceshop.shop\/wp-content\/uploads\/2026\/05\/kismetmagic02_1024x1024_2x_34f25e00-9597-4dbb-8afb-1d2254a851f1-1024x1024.webp 1024w, https:\/\/streetchoiceshop.shop\/wp-content\/uploads\/2026\/05\/kismetmagic02_1024x1024_2x_34f25e00-9597-4dbb-8afb-1d2254a851f1-150x150.webp 150w, https:\/\/streetchoiceshop.shop\/wp-content\/uploads\/2026\/05\/kismetmagic02_1024x1024_2x_34f25e00-9597-4dbb-8afb-1d2254a851f1-768x768.webp 768w, https:\/\/streetchoiceshop.shop\/wp-content\/uploads\/2026\/05\/kismetmagic02_1024x1024_2x_34f25e00-9597-4dbb-8afb-1d2254a851f1-12x12.webp 12w, https:\/\/streetchoiceshop.shop\/wp-content\/uploads\/2026\/05\/kismetmagic02_1024x1024_2x_34f25e00-9597-4dbb-8afb-1d2254a851f1-600x600.webp 600w, https:\/\/streetchoiceshop.shop\/wp-content\/uploads\/2026\/05\/kismetmagic02_1024x1024_2x_34f25e00-9597-4dbb-8afb-1d2254a851f1-100x100.webp 100w, https:\/\/streetchoiceshop.shop\/wp-content\/uploads\/2026\/05\/kismetmagic02_1024x1024_2x_34f25e00-9597-4dbb-8afb-1d2254a851f1-50x50.webp 50w\" sizes=\"(max-width: 1280px) 100vw, 1280px\" \/>\t\t\t\t\t\t\t\t\t\t\t\t\t\t\t<\/div>\n\t\t\t\t<div class=\"elementor-element elementor-element-5aff3cb7 elementor-widget elementor-widget-image\" data-id=\"5aff3cb7\" data-element_type=\"widget\" data-e-type=\"widget\" data-settings=\"{&quot;ekit_we_effect_on&quot;:&quot;none&quot;}\" data-widget_type=\"image.default\">\n\t\t\t\t\t\t\t\t\t\t\t\t\t\t\t<img loading=\"lazy\" decoding=\"async\" width=\"1280\" height=\"1280\" src=\"https:\/\/streetchoiceshop.shop\/wp-content\/uploads\/2026\/05\/7743-kismet-Magic-100ml-Maison-Alhambra.jpg\" class=\"attachment-full size-full wp-image-1089 wvs-archive-product-image\" alt=\"\" srcset=\"https:\/\/streetchoiceshop.shop\/wp-content\/uploads\/2026\/05\/7743-kismet-Magic-100ml-Maison-Alhambra.jpg 1280w, https:\/\/streetchoiceshop.shop\/wp-content\/uploads\/2026\/05\/7743-kismet-Magic-100ml-Maison-Alhambra-300x300.jpg 300w, https:\/\/streetchoiceshop.shop\/wp-content\/uploads\/2026\/05\/7743-kismet-Magic-100ml-Maison-Alhambra-1024x1024.jpg 1024w, https:\/\/streetchoiceshop.shop\/wp-content\/uploads\/2026\/05\/7743-kismet-Magic-100ml-Maison-Alhambra-150x150.jpg 150w, https:\/\/streetchoiceshop.shop\/wp-content\/uploads\/2026\/05\/7743-kismet-Magic-100ml-Maison-Alhambra-768x768.jpg 768w, https:\/\/streetchoiceshop.shop\/wp-content\/uploads\/2026\/05\/7743-kismet-Magic-100ml-Maison-Alhambra-12x12.jpg 12w, https:\/\/streetchoiceshop.shop\/wp-content\/uploads\/2026\/05\/7743-kismet-Magic-100ml-Maison-Alhambra-600x600.jpg 600w, https:\/\/streetchoiceshop.shop\/wp-content\/uploads\/2026\/05\/7743-kismet-Magic-100ml-Maison-Alhambra-100x100.jpg 100w, https:\/\/streetchoiceshop.shop\/wp-content\/uploads\/2026\/05\/7743-kismet-Magic-100ml-Maison-Alhambra-50x50.jpg 50w\" sizes=\"(max-width: 1280px) 100vw, 1280px\" \/>\t\t\t\t\t\t\t\t\t\t\t\t\t\t\t<\/div>\n\t\t\t\t<div class=\"elementor-element elementor-element-6de998 elementor-widget elementor-widget-image\" data-id=\"6de998\" data-element_type=\"widget\" data-e-type=\"widget\" data-settings=\"{&quot;ekit_we_effect_on&quot;:&quot;none&quot;}\" data-widget_type=\"image.default\">\n\t\t\t\t\t\t\t\t\t\t\t\t\t\t\t<img loading=\"lazy\" decoding=\"async\" width=\"1280\" height=\"1280\" src=\"https:\/\/streetchoiceshop.shop\/wp-content\/uploads\/2026\/05\/7742-kismet-Magic-100ml-Maison-Alhambra.jpg\" class=\"attachment-full size-full wp-image-1090 wvs-archive-product-image\" alt=\"\" srcset=\"https:\/\/streetchoiceshop.shop\/wp-content\/uploads\/2026\/05\/7742-kismet-Magic-100ml-Maison-Alhambra.jpg 1280w, https:\/\/streetchoiceshop.shop\/wp-content\/uploads\/2026\/05\/7742-kismet-Magic-100ml-Maison-Alhambra-300x300.jpg 300w, https:\/\/streetchoiceshop.shop\/wp-content\/uploads\/2026\/05\/7742-kismet-Magic-100ml-Maison-Alhambra-1024x1024.jpg 1024w, https:\/\/streetchoiceshop.shop\/wp-content\/uploads\/2026\/05\/7742-kismet-Magic-100ml-Maison-Alhambra-150x150.jpg 150w, https:\/\/streetchoiceshop.shop\/wp-content\/uploads\/2026\/05\/7742-kismet-Magic-100ml-Maison-Alhambra-768x768.jpg 768w, https:\/\/streetchoiceshop.shop\/wp-content\/uploads\/2026\/05\/7742-kismet-Magic-100ml-Maison-Alhambra-12x12.jpg 12w, https:\/\/streetchoiceshop.shop\/wp-content\/uploads\/2026\/05\/7742-kismet-Magic-100ml-Maison-Alhambra-600x600.jpg 600w, https:\/\/streetchoiceshop.shop\/wp-content\/uploads\/2026\/05\/7742-kismet-Magic-100ml-Maison-Alhambra-100x100.jpg 100w, https:\/\/streetchoiceshop.shop\/wp-content\/uploads\/2026\/05\/7742-kismet-Magic-100ml-Maison-Alhambra-50x50.jpg 50w\" sizes=\"(max-width: 1280px) 100vw, 1280px\" \/>\t\t\t\t\t\t\t\t\t\t\t\t\t\t\t<\/div>\n\t\t\t\t<div class=\"elementor-element elementor-element-7ec5a5ff elementor-widget elementor-widget-image\" data-id=\"7ec5a5ff\" data-element_type=\"widget\" data-e-type=\"widget\" data-settings=\"{&quot;ekit_we_effect_on&quot;:&quot;none&quot;}\" data-widget_type=\"image.default\">\n\t\t\t\t\t\t\t\t\t\t\t\t\t\t\t<img loading=\"lazy\" decoding=\"async\" width=\"1500\" height=\"1500\" src=\"https:\/\/streetchoiceshop.shop\/wp-content\/uploads\/2026\/05\/71bDcArrUL._SL1500_.jpg\" class=\"attachment-full size-full wp-image-1091 wvs-archive-product-image\" alt=\"\" srcset=\"https:\/\/streetchoiceshop.shop\/wp-content\/uploads\/2026\/05\/71bDcArrUL._SL1500_.jpg 1500w, https:\/\/streetchoiceshop.shop\/wp-content\/uploads\/2026\/05\/71bDcArrUL._SL1500_-300x300.jpg 300w, https:\/\/streetchoiceshop.shop\/wp-content\/uploads\/2026\/05\/71bDcArrUL._SL1500_-1024x1024.jpg 1024w, https:\/\/streetchoiceshop.shop\/wp-content\/uploads\/2026\/05\/71bDcArrUL._SL1500_-150x150.jpg 150w, https:\/\/streetchoiceshop.shop\/wp-content\/uploads\/2026\/05\/71bDcArrUL._SL1500_-768x768.jpg 768w, https:\/\/streetchoiceshop.shop\/wp-content\/uploads\/2026\/05\/71bDcArrUL._SL1500_-12x12.jpg 12w, https:\/\/streetchoiceshop.shop\/wp-content\/uploads\/2026\/05\/71bDcArrUL._SL1500_-600x600.jpg 600w, https:\/\/streetchoiceshop.shop\/wp-content\/uploads\/2026\/05\/71bDcArrUL._SL1500_-100x100.jpg 100w, https:\/\/streetchoiceshop.shop\/wp-content\/uploads\/2026\/05\/71bDcArrUL._SL1500_-50x50.jpg 50w\" sizes=\"(max-width: 1500px) 100vw, 1500px\" \/>\t\t\t\t\t\t\t\t\t\t\t\t\t\t\t<\/div>\n\t\t\t\t<div class=\"elementor-element elementor-element-4a878b72 elementor-widget elementor-widget-image\" data-id=\"4a878b72\" data-element_type=\"widget\" data-e-type=\"widget\" data-settings=\"{&quot;ekit_we_effect_on&quot;:&quot;none&quot;}\" data-widget_type=\"image.default\">\n\t\t\t\t\t\t\t\t\t\t\t\t\t\t\t<img loading=\"lazy\" decoding=\"async\" width=\"1500\" height=\"1500\" src=\"https:\/\/streetchoiceshop.shop\/wp-content\/uploads\/2026\/05\/71hdNPh1T9L._SL1500_.jpg\" class=\"attachment-full size-full wp-image-1092 wvs-archive-product-image\" alt=\"\" srcset=\"https:\/\/streetchoiceshop.shop\/wp-content\/uploads\/2026\/05\/71hdNPh1T9L._SL1500_.jpg 1500w, https:\/\/streetchoiceshop.shop\/wp-content\/uploads\/2026\/05\/71hdNPh1T9L._SL1500_-300x300.jpg 300w, https:\/\/streetchoiceshop.shop\/wp-content\/uploads\/2026\/05\/71hdNPh1T9L._SL1500_-1024x1024.jpg 1024w, https:\/\/streetchoiceshop.shop\/wp-content\/uploads\/2026\/05\/71hdNPh1T9L._SL1500_-150x150.jpg 150w, https:\/\/streetchoiceshop.shop\/wp-content\/uploads\/2026\/05\/71hdNPh1T9L._SL1500_-768x768.jpg 768w, https:\/\/streetchoiceshop.shop\/wp-content\/uploads\/2026\/05\/71hdNPh1T9L._SL1500_-12x12.jpg 12w, https:\/\/streetchoiceshop.shop\/wp-content\/uploads\/2026\/05\/71hdNPh1T9L._SL1500_-600x600.jpg 600w, https:\/\/streetchoiceshop.shop\/wp-content\/uploads\/2026\/05\/71hdNPh1T9L._SL1500_-100x100.jpg 100w, https:\/\/streetchoiceshop.shop\/wp-content\/uploads\/2026\/05\/71hdNPh1T9L._SL1500_-50x50.jpg 50w\" sizes=\"(max-width: 1500px) 100vw, 1500px\" \/>\t\t\t\t\t\t\t\t\t\t\t\t\t\t\t<\/div>\n\t\t\t\t<div class=\"elementor-element elementor-element-229ddc56 elementor-widget elementor-widget-text-editor\" data-id=\"229ddc56\" data-element_type=\"widget\" data-e-type=\"widget\" data-settings=\"{&quot;ekit_we_effect_on&quot;:&quot;none&quot;}\" data-widget_type=\"text-editor.default\">\n\t\t\t\t\t\t\t\t\t<!DOCTYPE html>\n<html lang=\"es\">\n<head>\n    <meta charset=\"UTF-8\">\n    <meta name=\"viewport\" content=\"width=device-width, initial-scale=1.0\">\n    <title>Informaci\u00f3n del Producto<\/title>\n    <style>\n        * {\n            margin: 0;\n            padding: 0;\n            box-sizing: border-box;\n            font-family: Arial, sans-serif;\n        }\n        \n        body {\n            padding: 20px;\n        }\n        \n        .specifications-table {\n            width: 100%;\n        }\n        \n        .spec-row {\n            display: flex;\n        }\n        \n        .spec-label, .spec-value {\n            padding: 12px 8px;\n            text-align: left;\n            border-bottom: 1px solid #000;\n        }\n        \n        .spec-label {\n            font-weight: bold;\n            width: 40%;\n        }\n        \n        .spec-value {\n            width: 60%;\n        }\n    <\/style>\n<\/head>\n<body>\n    <div class=\"specifications-table\">\n        <div class=\"spec-row\">\n            <div class=\"spec-label\">Marca<\/div>\n            <div class=\"spec-value\">Maison Alhambra<\/div>\n        <\/div>\n        <div class=\"spec-row\">\n            <div class=\"spec-label\">Forma del producto<\/div>\n            <div class=\"spec-value\">Aerosol<\/div>\n        <\/div>\n        <div class=\"spec-row\">\n            <div class=\"spec-label\">Volumen del art\u00edculo<\/div>\n            <div class=\"spec-value\">3,4 Onzas de l\u00edquido<\/div>\n        <\/div>\n        <div class=\"spec-row\">\n            <div class=\"spec-label\">Fragancia<\/div>\n            <div class=\"spec-value\">Vainilla, canela, caramelo, chocolate negro<\/div>\n        <\/div>\n        <div class=\"spec-row\">\n            <div class=\"spec-label\">Caracter\u00edsticas especiales<\/div>\n            <div class=\"spec-value\">Larga duraci\u00f3n<\/div>\n        <\/div>\n    <\/div>\n<\/body>\n<\/html>\t\t\t\t\t\t\t\t<\/div>\n\t\t\t\t\t<\/div>\n\t\t\t\t<\/div>\n\t\t\t\t<\/div>","protected":false},"excerpt":{"rendered":"<p>Informaci\u00f3n del Producto Marca Maison Alhambra Forma del producto Aerosol Volumen del art\u00edculo 3,4 Onzas de l\u00edquido Fragancia Vainilla, canela, caramelo, chocolate negro Caracter\u00edsticas especiales Larga duraci\u00f3n<\/p>","protected":false},"featured_media":1073,"comment_status":"open","ping_status":"closed","template":"","meta":{"_acf_changed":false},"product_brand":[],"product_cat":[26,35],"product_tag":[],"class_list":{"0":"post-1072","1":"product","2":"type-product","3":"status-publish","4":"has-post-thumbnail","6":"product_cat-beauty","7":"product_cat-new-in","9":"first","10":"instock","11":"sale","12":"shipping-taxable","13":"purchasable","14":"product-type-simple"},"acf":[],"_links":{"self":[{"href":"https:\/\/streetchoiceshop.shop\/de\/wp-json\/wp\/v2\/product\/1072","targetHints":{"allow":["GET"]}}],"collection":[{"href":"https:\/\/streetchoiceshop.shop\/de\/wp-json\/wp\/v2\/product"}],"about":[{"href":"https:\/\/streetchoiceshop.shop\/de\/wp-json\/wp\/v2\/types\/product"}],"replies":[{"embeddable":true,"href":"https:\/\/streetchoiceshop.shop\/de\/wp-json\/wp\/v2\/comments?post=1072"}],"version-history":[{"count":4,"href":"https:\/\/streetchoiceshop.shop\/de\/wp-json\/wp\/v2\/product\/1072\/revisions"}],"predecessor-version":[{"id":1100,"href":"https:\/\/streetchoiceshop.shop\/de\/wp-json\/wp\/v2\/product\/1072\/revisions\/1100"}],"wp:featuredmedia":[{"embeddable":true,"href":"https:\/\/streetchoiceshop.shop\/de\/wp-json\/wp\/v2\/media\/1073"}],"wp:attachment":[{"href":"https:\/\/streetchoiceshop.shop\/de\/wp-json\/wp\/v2\/media?parent=1072"}],"wp:term":[{"taxonomy":"product_brand","embeddable":true,"href":"https:\/\/streetchoiceshop.shop\/de\/wp-json\/wp\/v2\/product_brand?post=1072"},{"taxonomy":"product_cat","embeddable":true,"href":"https:\/\/streetchoiceshop.shop\/de\/wp-json\/wp\/v2\/product_cat?post=1072"},{"taxonomy":"product_tag","embeddable":true,"href":"https:\/\/streetchoiceshop.shop\/de\/wp-json\/wp\/v2\/product_tag?post=1072"}],"curies":[{"name":"wp","href":"https:\/\/api.w.org\/{rel}","templated":true}]}}